{"id":157,"date":"2019-02-19T21:24:31","date_gmt":"2019-02-19T20:24:31","guid":{"rendered":"http:\/\/harryboyle.cz\/?page_id=157"},"modified":"2019-06-11T08:36:21","modified_gmt":"2019-06-11T07:36:21","slug":"kontakt","status":"publish","type":"page","link":"https:\/\/harryboyle.cz\/?page_id=157","title":{"rendered":"Kontakt"},"content":{"rendered":"<section id=\"builder-section-text_11\" class=\"builder-section-first builder-section builder-section-text builder-section-next-text builder-text-columns-3\" style=\"background-size: cover; background-repeat: no-repeat;background-position: center center;\">\n<div class=\"builder-section-content\">\n<div class=\"builder-text-row\">\n<div class=\"builder-text-column builder-text-column-1\" id=\"builder-section-text_11-column-1\">\n<div class=\"builder-text-content\">\n\t\t\t\t\t\t\t\t\t\t\t<\/div>\n<\/p><\/div>\n<div class=\"builder-text-column builder-text-column-2\" id=\"builder-section-text_11-column-2\">\n<div class=\"builder-text-content\">\n\t\t\t\t\t\t\t\t\t\t\t<\/div>\n<\/p><\/div>\n<div class=\"builder-text-column builder-text-column-3\" id=\"builder-section-text_11-column-3\">\n<div class=\"builder-text-content\">\n\t\t\t\t\t\t\t\t\t\t\t<\/div>\n<\/p><\/div>\n<\/p><\/div>\n<\/p><\/div>\n<\/section>\n<section id=\"builder-section-text_37\" class=\"builder-section-prev-text builder-section builder-section-text builder-section-next-text builder-text-columns-3\" style=\"background-size: cover; background-repeat: no-repeat;background-position: center center;\">\n<div class=\"builder-section-content\">\n<div class=\"builder-text-row\">\n<div class=\"builder-text-column builder-text-column-1\" id=\"builder-section-text_37-column-1\">\n<div class=\"builder-text-content\">\n\t\t\t\t\t\t\t\t\t\t\t<\/div>\n<\/p><\/div>\n<div class=\"builder-text-column builder-text-column-2\" id=\"builder-section-text_37-column-2\">\n<div class=\"builder-text-content\">\n\t\t\t\t\t\t\t\t\t\t\t<\/div>\n<\/p><\/div>\n<div class=\"builder-text-column builder-text-column-3\" id=\"builder-section-text_37-column-3\">\n<div class=\"builder-text-content\">\n\t\t\t\t\t\t\t\t\t\t\t<\/div>\n<\/p><\/div>\n<\/p><\/div>\n<\/p><\/div>\n<\/section>\n<section id=\"builder-section-text_63\" class=\"builder-section-prev-text builder-section builder-section-text builder-section-last builder-text-columns-2\" style=\"background-size: cover; background-repeat: no-repeat;background-position: center center;\">\n<div class=\"builder-section-content\">\n<div class=\"builder-text-row\">\n<div class=\"builder-text-column builder-text-column-1\" id=\"builder-section-text_63-column-1\">\n<div class=\"builder-text-content\">\n<h3>Kontakt<\/h3>\n<p>Email: <a href=\"mailto:harryboyleband@gmail.com\">harryboyleband@gmail.com<\/a><br \/>\nTel. : +420 739 697 844 &#8211; Karel Anto\u0161\u00edk (v p\u0159\u00edpad\u011b nezasti\u017een\u00ed pros\u00edm pi\u0161te SMS)<\/p>\n<\/p><\/div>\n<\/p><\/div>\n<div class=\"builder-text-column builder-text-column-2\" id=\"builder-section-text_63-column-2\">\n<div class=\"builder-text-content\">\n<h3>Najdete n\u00e1s<\/h3>\n<p><a href=\"https:\/\/bandzone.cz\/harryboyleband\" target=\"_blank\" rel=\"noopener noreferrer\">Bandzone<\/a><br \/>\n<a href=\"https:\/\/www.facebook.com\/harryboyleband\/\" target=\"_blank\" rel=\"noopener noreferrer\">Facebook<\/a><br \/>\n<a href=\"https:\/\/www.instagram.com\/harryboyleband\/\" target=\"_blank\" rel=\"noopener noreferrer\">Instagram<\/a><br \/>\n<a href=\"https:\/\/www.youtube.com\/channel\/UCUV2eo9D_5Cy77ruYb4Gn4Q\" target=\"_blank\" rel=\"noopener noreferrer\">YouTube<\/a><\/p>\n<\/p><\/div>\n<\/p><\/div>\n<\/p><\/div>\n<div class=\"builder-text-row\">\n<div class=\"builder-text-column builder-text-column-3\" id=\"builder-section-text_63-column-1\">\n<div class=\"builder-text-content\">\n\t\t\t\t\t\t\t\t\t\t\t<\/div>\n<\/p><\/div>\n<\/p><\/div>\n<\/p><\/div>\n<\/section>\n","protected":false},"excerpt":{"rendered":"<p>Kontakt Email: harryboyleband@gmail.com Tel. : +420 739 697 844 &#8211; Karel Anto\u0161\u00edk (v p\u0159\u00edpad\u011b nezasti\u017een\u00ed pros\u00edm pi\u0161te SMS) Najdete n\u00e1s Bandzone Facebook Instagram YouTube<\/p>\n","protected":false},"author":1,"featured_media":0,"parent":0,"menu_order":0,"comment_status":"closed","ping_status":"closed","template":"template-builder.php","meta":{"footnotes":""},"class_list":["post-157","page","type-page","status-publish","hentry"],"_links":{"self":[{"href":"https:\/\/harryboyle.cz\/index.php?rest_route=\/wp\/v2\/pages\/157","targetHints":{"allow":["GET"]}}],"collection":[{"href":"https:\/\/harryboyle.cz\/index.php?rest_route=\/wp\/v2\/pages"}],"about":[{"href":"https:\/\/harryboyle.cz\/index.php?rest_route=\/wp\/v2\/types\/page"}],"author":[{"embeddable":true,"href":"https:\/\/harryboyle.cz\/index.php?rest_route=\/wp\/v2\/users\/1"}],"replies":[{"embeddable":true,"href":"https:\/\/harryboyle.cz\/index.php?rest_route=%2Fwp%2Fv2%2Fcomments&post=157"}],"version-history":[{"count":12,"href":"https:\/\/harryboyle.cz\/index.php?rest_route=\/wp\/v2\/pages\/157\/revisions"}],"predecessor-version":[{"id":223,"href":"https:\/\/harryboyle.cz\/index.php?rest_route=\/wp\/v2\/pages\/157\/revisions\/223"}],"wp:attachment":[{"href":"https:\/\/harryboyle.cz\/index.php?rest_route=%2Fwp%2Fv2%2Fmedia&parent=157"}],"curies":[{"name":"wp","href":"https:\/\/api.w.org\/{rel}","templated":true}]}}