{"id":175,"date":"2019-02-20T10:39:29","date_gmt":"2019-02-20T09:39:29","guid":{"rendered":"http:\/\/harryboyle.cz\/?page_id=175"},"modified":"2023-03-17T11:10:59","modified_gmt":"2023-03-17T10:10:59","slug":"alba","status":"publish","type":"page","link":"https:\/\/harryboyle.cz\/?page_id=175","title":{"rendered":"Alba"},"content":{"rendered":"\n<section id=\"builder-section-text_11\" class=\"builder-section-first builder-section builder-section-text builder-section-last builder-text-columns-2\" style=\"background-size: cover; background-repeat: no-repeat; background-position: center center;\">&nbsp;\n<div class=\"builder-section-content\">\n<div class=\"builder-text-row\">\n<div id=\"builder-section-text_11-column-1\" class=\"builder-text-column builder-text-column-1\">\n<div class=\"builder-text-content\">\n<h3>EP Hysterie (2020)<\/h3>\n<h3><img loading=\"lazy\" decoding=\"async\" class=\"alignright\" src=\"https:\/\/harryboyle.cz\/wp-content\/uploads\/2020\/06\/WhatsApp-Image-2020-06-17-at-22.02.19.jpeg\" width=\"300\" height=\"300\" style=\"border:1px solid black\"><\/h3>\n<p>&nbsp;<\/p>\n<\/div>\n<\/div>\n<div id=\"builder-section-text_11-column-2\" class=\"builder-text-column builder-text-column-2\">\n<div class=\"builder-text-content\">\n<p>01 &#8211; Mar\u0161\u00e1l<br>02 &#8211; N\u00e1ladov\u00e1<br>03 &#8211; Vosa<br>04 &#8211; Hysterie<br>05 &#8211; Morava<\/p>\n<p>Stejn\u011b jako prvn\u00ed album, i tato kr\u00e1tk\u00e1 deska byla nahr\u00e1na v ostravsk\u00e9m Studiu Mro\u0161. Oproti prvotin\u011b je z\u0159ejm\u00fd posun v aran\u017e\u00edch, zvuku a snad i technice hran\u00ed u ka\u017ed\u00e9ho jednoho songu. P\u0159ebal, kter\u00fd vystihuje podstatu desky vytvo\u0159ila skv\u011bl\u00e1 a talentovan\u00e1 B\u00e1ra Klenov\u00e1 (insta: @nerikejmibarca).<\/p>\n<p>\n<div style=\"overflow-x:auto;\">\n<table style=\"width:980px\"><tr><td><a href=\"https:\/\/www.supraphonline.cz\/album\/569835-hysterie\" target=\"_blank\" rel=\"noopener noreferrer\"><button type=\"button\" style=\"width:200px\">Koupit MP3<\/button><\/a><\/td><td><a href=\"https:\/\/open.spotify.com\/album\/2eHiBAaLVCFJecHq2IC2Gh?si=R1W64R2YSMyUsWjlghkn9A\" target=\"_blank\" rel=\"noopener noreferrer\"><button type=\"button\" style=\"width:200px\">Spotify<\/button><\/td><td><a href=\"https:\/\/play.google.com\/store\/music\/album\/Harry_Boyle_Hysterie?id=Bo7jo7pzn5zrpglsyizybfctjbe\" target=\"_blank\" rel=\"noopener noreferrer\"><button type=\"button\" style=\"width:200px\">Google Play<\/button><\/td><td><a href=\"https:\/\/music.apple.com\/cz\/album\/hysterie-ep\/1521374578\" target=\"_blank\" rel=\"noopener noreferrer\"><button type=\"button\" style=\"width:200px\">Apple Music<\/button><\/td><\/tr>\n<\/table>\n<\/div>\n<\/p>\n<p>&nbsp;<\/p>\n<\/div>\n<\/div>\n<div id=\"builder-section-text_11-column-1\" class=\"builder-text-column builder-text-column-1\">\n<div class=\"builder-text-content\">\n<h3>EP PanDa Vinci (2019)<\/h3>\n<h3><img loading=\"lazy\" decoding=\"async\" class=\"alignright\" src=\"https:\/\/harryboyle.cz\/wp-content\/uploads\/2019\/02\/panda_vinci.jpg\" width=\"300\" height=\"300\" style=\"border:1px solid black\"><\/h3>\n<p>&nbsp;<\/p>\n<\/div>\n<\/div>\n<div id=\"builder-section-text_11-column-2\" class=\"builder-text-column builder-text-column-2\">\n<div class=\"builder-text-content\">\n<p>01 &#8211; Somnium<br>02 &#8211; Harry<br>03 &#8211; Samot\u00e1\u0159 (feat. Radim &#8222;Mro\u0161&#8220; Van\u011bk)<br>04 &#8211; PanDa Vinci<br>05 &#8211; Janne Tossamo<br>06 &#8211; Bolehlav Ukrutn\u00fd I. (remastered)<\/p>\n<p>Album bylo nahr\u00e1no v ostravsk\u00e9m Studio Mro\u0161. Mapuje za\u010d\u00e1tky tvorby kapely Harry Boyle a t\u011b\u017eko ho za\u0159adit do konkr\u00e9tn\u00edho stylu. Na pandin\u011b palet\u011b zvukobarev se objevuj\u00ed tmav\u0161\u00ed a temn\u011bj\u0161\u00ed t\u00f3ny, ale i vesel\u00e9 a sv\u011btl\u00e9 barvy.<\/p>\n<p>\n<div style=\"overflow-x:auto;\">\n<table style=\"width:980px\"><tr><td><a href=\"https:\/\/www.supraphonline.cz\/album\/450956-panda-vinci\" target=\"_blank\" rel=\"noopener noreferrer\"><button type=\"button\" style=\"width:200px\">Koupit MP3<\/button><\/a><\/td><td><a href=\"https:\/\/open.spotify.com\/album\/2QOMV8spFjn4OgVXomlkEf?si=wACAnHfgR8CTWIvEcsce7w\" target=\"_blank\" rel=\"noopener noreferrer\"><button type=\"button\" style=\"width:200px\">Spotify<\/button><\/td><td><a href=\"https:\/\/play.google.com\/store\/music\/album\/Harry_Boyle_PanDa_Vinci?id=Bukj2ukh3ny6xyx67i4xh57z4fu\" target=\"_blank\" rel=\"noopener noreferrer\"><button type=\"button\" style=\"width:200px\">Google Play<\/button><\/td><td><a href=\"https:\/\/music.apple.com\/us\/album\/panda-vinci-ep\/1453025605\" target=\"_blank\" rel=\"noopener noreferrer\"><button type=\"button\" style=\"width:200px\">Apple Music<\/button><\/td><\/tr>\n<\/table>\n<\/div>\n<\/p>\n<p>&nbsp;<\/p>\n<\/div>\n<p>&nbsp;<\/p>\n<\/div>\n<p>&nbsp;<\/p>\n<\/div>\n<p>&nbsp;<\/p>\n<div class=\"builder-text-row\">\n<p>&nbsp;<\/p>\n<div id=\"builder-section-text_11-column-1\" class=\"builder-text-column builder-text-column-3\">\n<div class=\"builder-text-content\">&nbsp;<\/div>\n<p>&nbsp;<\/p>\n<\/div>\n<p>&nbsp;<\/p>\n<\/div>\n<p>&nbsp;<\/p>\n<\/div>\n<\/section>\n","protected":false},"excerpt":{"rendered":"<p>&nbsp; EP Hysterie (2020) &nbsp; 01 &#8211; Mar\u0161\u00e1l02 &#8211; N\u00e1ladov\u00e103 &#8211; Vosa04 &#8211; Hysterie05 &#8211; Morava Stejn\u011b jako prvn\u00ed album, i tato kr\u00e1tk\u00e1 deska byla nahr\u00e1na v ostravsk\u00e9m Studiu Mro\u0161.<a href=\"https:\/\/harryboyle.cz\/?page_id=175\" class=\"more-link\"><span class=\"readmore\">Continue reading<span class=\"screen-reader-text\">Alba<\/span><\/span><\/a><\/p>\n","protected":false},"author":1,"featured_media":0,"parent":0,"menu_order":0,"comment_status":"closed","ping_status":"closed","template":"","meta":{"footnotes":""},"class_list":["post-175","page","type-page","status-publish","hentry"],"_links":{"self":[{"href":"https:\/\/harryboyle.cz\/index.php?rest_route=\/wp\/v2\/pages\/175","targetHints":{"allow":["GET"]}}],"collection":[{"href":"https:\/\/harryboyle.cz\/index.php?rest_route=\/wp\/v2\/pages"}],"about":[{"href":"https:\/\/harryboyle.cz\/index.php?rest_route=\/wp\/v2\/types\/page"}],"author":[{"embeddable":true,"href":"https:\/\/harryboyle.cz\/index.php?rest_route=\/wp\/v2\/users\/1"}],"replies":[{"embeddable":true,"href":"https:\/\/harryboyle.cz\/index.php?rest_route=%2Fwp%2Fv2%2Fcomments&post=175"}],"version-history":[{"count":36,"href":"https:\/\/harryboyle.cz\/index.php?rest_route=\/wp\/v2\/pages\/175\/revisions"}],"predecessor-version":[{"id":430,"href":"https:\/\/harryboyle.cz\/index.php?rest_route=\/wp\/v2\/pages\/175\/revisions\/430"}],"wp:attachment":[{"href":"https:\/\/harryboyle.cz\/index.php?rest_route=%2Fwp%2Fv2%2Fmedia&parent=175"}],"curies":[{"name":"wp","href":"https:\/\/api.w.org\/{rel}","templated":true}]}}