{"id":225,"date":"2019-11-20T12:34:44","date_gmt":"2019-11-20T11:34:44","guid":{"rendered":"http:\/\/harryboyle.cz\/?page_id=225"},"modified":"2023-08-28T08:01:10","modified_gmt":"2023-08-28T07:01:10","slug":"novinky","status":"publish","type":"page","link":"https:\/\/harryboyle.cz\/","title":{"rendered":"Novinky"},"content":{"rendered":"<h3>28.08.2023 \u2013 Nov\u00e1 fotogalerie s koncertu v Hudebn\u00edm bazaru 26.08.2023!<\/h3>\n<h3>14.11.2022 \u2013 Domlouv\u00e1me koncerty na dal\u0161\u00ed rok!<\/h3>\n<p>14.01.2023 \u2013 Barr\u00e1k, Ostrava (+ Chleba z m\u00e1slem, R\u2019s\u2019R)<br \/>\n20.01.2023 \u2013 Klub Galerka, Nov\u00fd Ji\u010d\u00edn (+ Chleba z m\u00e1slem)<\/p>\n<h3>04.09.2020 \u2013 DESmod + Harry Boyle, Garage Club, Ostrava<\/h3>\n<p><a href=\"https:\/\/www.facebook.com\/events\/753157218823392\"><img loading=\"lazy\" decoding=\"async\" class=\"size-medium\" src=\"https:\/\/scontent.fprg2-1.fna.fbcdn.net\/v\/t1.0-0\/p180x540\/103973524_2935598259821989_7438266917928328918_o.jpg?_nc_cat=103&amp;_nc_sid=340051&amp;_nc_ohc=30hxBlzWqhoAX9Uw_9R&amp;_nc_ht=scontent.fprg2-1.fna&amp;tp=6&amp;oh=17dfbe2c81fcd9c795398785778aad04&amp;oe=5F7536B6\" alt=\"Desmod + Harry Boyle 4\/9\/2020 - Garage Club, Ostrava\" width=\"960\" height=\"540\" \/><\/a><\/p>\n<h3>18.06.2020 &#8211; Nov\u00e9 EP Hysterie je venku!<\/h3>\n<p><a href=\"https:\/\/bandzone.cz\/harryboyleband\" target=\"_blank\" rel=\"noopener noreferrer\">Bandzone &#8211; k poslechu zde<\/a><\/p>\n<h3>28.05.2020 &#8211; Ofici\u00e1ln\u00ed videoklip k p\u00edsni N\u00e1ladov\u00e1 (EP Hysterie 2020)<\/h3>\n<p><iframe loading=\"lazy\" title=\"Harry Boyle - N\u00e1ladov\u00e1 (ofici\u00e1ln\u00ed videoklip)\" width=\"990\" height=\"557\" src=\"https:\/\/www.youtube.com\/embed\/n0ZtqFX246U?feature=oembed\" frameborder=\"0\" allow=\"accelerometer; autoplay; clipboard-write; encrypted-media; gyroscope; picture-in-picture; web-share\" allowfullscreen><\/iframe><\/p>\n<h3>19.12.2019 &#8211; Nov\u00fd singl Mar\u0161\u00e1l na na\u0161em bandzone profilu<\/h3>\n<p><a href=\"https:\/\/bandzone.cz\/harryboyleband\" target=\"_blank\" rel=\"noopener noreferrer\">Bandzone &#8211; k poslechu zde<\/a><\/p>\n<h3>24.09.2019 &#8211; N\u00e1\u0161 prvn\u00ed vizu\u00e1ln\u00ed po\u010din &#8211; lyric video k songu Harry (EP PanDa Vinci 2019)<\/h3>\n<p><iframe loading=\"lazy\" title=\"Harry Boyle - Harry (Lyric video)\" width=\"990\" height=\"557\" src=\"https:\/\/www.youtube.com\/embed\/OINJ7YYZHMg?feature=oembed\" frameborder=\"0\" allow=\"accelerometer; autoplay; clipboard-write; encrypted-media; gyroscope; picture-in-picture; web-share\" allowfullscreen><\/iframe><\/p>\n","protected":false},"excerpt":{"rendered":"<p>28.08.2023 \u2013 Nov\u00e1 fotogalerie s koncertu v Hudebn\u00edm bazaru 26.08.2023! 14.11.2022 \u2013 Domlouv\u00e1me koncerty na dal\u0161\u00ed rok! 14.01.2023 \u2013 Barr\u00e1k, Ostrava (+ Chleba z m\u00e1slem, R\u2019s\u2019R) 20.01.2023 \u2013 Klub Galerka,<a href=\"https:\/\/harryboyle.cz\/\" class=\"more-link\"><span class=\"readmore\">Continue reading<span class=\"screen-reader-text\">Novinky<\/span><\/span><\/a><\/p>\n","protected":false},"author":1,"featured_media":0,"parent":0,"menu_order":0,"comment_status":"closed","ping_status":"closed","template":"","meta":{"footnotes":""},"class_list":["post-225","page","type-page","status-publish","hentry"],"_links":{"self":[{"href":"https:\/\/harryboyle.cz\/index.php?rest_route=\/wp\/v2\/pages\/225","targetHints":{"allow":["GET"]}}],"collection":[{"href":"https:\/\/harryboyle.cz\/index.php?rest_route=\/wp\/v2\/pages"}],"about":[{"href":"https:\/\/harryboyle.cz\/index.php?rest_route=\/wp\/v2\/types\/page"}],"author":[{"embeddable":true,"href":"https:\/\/harryboyle.cz\/index.php?rest_route=\/wp\/v2\/users\/1"}],"replies":[{"embeddable":true,"href":"https:\/\/harryboyle.cz\/index.php?rest_route=%2Fwp%2Fv2%2Fcomments&post=225"}],"version-history":[{"count":11,"href":"https:\/\/harryboyle.cz\/index.php?rest_route=\/wp\/v2\/pages\/225\/revisions"}],"predecessor-version":[{"id":508,"href":"https:\/\/harryboyle.cz\/index.php?rest_route=\/wp\/v2\/pages\/225\/revisions\/508"}],"wp:attachment":[{"href":"https:\/\/harryboyle.cz\/index.php?rest_route=%2Fwp%2Fv2%2Fmedia&parent=225"}],"curies":[{"name":"wp","href":"https:\/\/api.w.org\/{rel}","templated":true}]}}