{"id":307,"date":"2019-11-29T15:46:40","date_gmt":"2019-11-29T14:46:40","guid":{"rendered":"http:\/\/harryboyle.cz\/?page_id=307"},"modified":"2023-08-28T07:53:56","modified_gmt":"2023-08-28T06:53:56","slug":"koncerty","status":"publish","type":"page","link":"https:\/\/harryboyle.cz\/?page_id=307","title":{"rendered":"Koncerty"},"content":{"rendered":"\n<p><strong>Nadch\u00e1zej\u00edc\u00ed<\/strong><\/p>\n<p>25.11.2023 &#8211; Milotice\n<\/p>\n<p><strong>Prob\u011bhl\u00e9<\/strong><\/p>\n<p>26.08.2023 &#8211; Hudebn\u00ed Bazar (+ Anomie), Ostrava<br>20.01.2023 &#8211; Klub Galerka, Nov\u00fd Ji\u010d\u00edn (+ Chleba z m\u00e1slem)<br>14.01.2023 &#8211; Barr\u00e1k, Ostrava (+ Chleba z m\u00e1slem, R&#8217;s&#8217;R)<br>02.07.2022 &#8211; Kulturn\u00ed l\u00e9to, Nov\u00e1 Pl\u00e1\u0148<br>09.06.2022 &#8211; TietoEvry fest, Doln\u00ed oblast, V\u00edtkovice<br>08.01.2022 &#8211; Novoro\u010dn\u00ed party, Barr\u00e1k (+ Erin, Coincidence)<br>08.12.2021 &#8211; Harry Boyle + Chr\u00e1n\u011bn\u00e1 d\u00edlna, Hudebn\u00ed Bazar, Ostrava<br>15.10.2021 &#8211; R&#8217;s&#8217;R + Harry Boyle, Bamboo, Zl\u00edn<br>03.09.2021 &#8211; Harry Boyle, Garage OPEN STAGE, Ostrava<br>\n25.06.2021 &#8211; <a href=\"https:\/\/fb.me\/e\/1Sk6Xogne\">Zostra + Harry Boyle, Hudebn\u00ed bazar, Ostrava<\/a><br>\n<strong>12.09.2020 &#8211; Den obce (+ Ilona Cs\u00e1kov\u00e1, Banda del caff\u00e9), Polanka nad Odrou<br>04.09.2020 &#8211; DESmod + Harry Boyle, Garage Club, Ostrava<\/strong><br>21.08.2020 &#8211; Zostra + Harry Boyle, Garage OPEN STAGE, Ostrava<br>20.06.2020 &#8211; Bigbeatov\u00fd session, Olomouc-Hej\u010d\u00edn<br>19.06.2020 &#8211; Barr\u00e1k (+ Sorefingers, Rann\u00ed s Rann\u00ed), Ostrava<br>20.02.2020 &#8211; Boss Garage Pub (L\u00edhe\u0148 2020), Krak\u00f3w<br>01.02.2020 &#8211; Hudebn\u00ed bazar (+ Gazdina Roba), Ostrava<br>30.11.2019 &#8211; Hard Cafe (+ Tulipaci), Karvin\u00e1<br>02.11.2019 &#8211; Hudebn\u00ed bazar (+ \u010cembrbach), Ostrava<br>08.06.2019 &#8211; Chl\u00edv (+ Element, Still Alive), Ostrava<br>28.03.2019 &#8211; Hudebn\u00ed bazar (k\u0159est EP + \u010cern\u00e1 Ko\u010dka), Ostrava<br>13.03.2019 &#8211; Stol\u00e1rna (L\u00edhe\u0148 2019), Hav\u00ed\u0159ov<br>17.11.2018 &#8211; Mandragora (+ SHR), Praha<br>03.10.2018 &#8211; Melodka (+ Zostra, Reconquista, InfraRed), Brno<br>30.06.2018 &#8211; Barr\u00e1k (+ Zostra, Reconquista, The Ticks), Ostrava<br>15.06.2018 &#8211; Hudebn\u00ed bazar (+ Tibet), Ostrava<br>27.04.2018 &#8211; PRIGO Maj\u00e1les, Hav\u00ed\u0159ov<br>13.04.2018 &#8211; Jazz club (+ Sorefingers), Hav\u00ed\u0159ov<br>21.10.2017 &#8211; Chl\u00edv (+ Zostra, N\u00e1hradn\u00ed program), Ostrava<br>23.06.2017 &#8211; Hudebn\u00ed bazar (+ Zostra), Ostrava<br>28.05.2017 &#8211; Tieto Sunny Days, DOV Ostrava<br>04.03.2017 &#8211; Titty Twister, Ostrava<\/p>\n","protected":false},"excerpt":{"rendered":"<p>Nadch\u00e1zej\u00edc\u00ed 25.11.2023 &#8211; Milotice Prob\u011bhl\u00e9 26.08.2023 &#8211; Hudebn\u00ed Bazar (+ Anomie), Ostrava20.01.2023 &#8211; Klub Galerka, Nov\u00fd Ji\u010d\u00edn (+ Chleba z m\u00e1slem)14.01.2023 &#8211; Barr\u00e1k, Ostrava (+ Chleba z m\u00e1slem, R&#8217;s&#8217;R)02.07.2022 &#8211;<a href=\"https:\/\/harryboyle.cz\/?page_id=307\" class=\"more-link\"><span class=\"readmore\">Continue reading<span class=\"screen-reader-text\">Koncerty<\/span><\/span><\/a><\/p>\n","protected":false},"author":1,"featured_media":0,"parent":0,"menu_order":0,"comment_status":"closed","ping_status":"closed","template":"","meta":{"footnotes":""},"class_list":["post-307","page","type-page","status-publish","hentry"],"_links":{"self":[{"href":"https:\/\/harryboyle.cz\/index.php?rest_route=\/wp\/v2\/pages\/307","targetHints":{"allow":["GET"]}}],"collection":[{"href":"https:\/\/harryboyle.cz\/index.php?rest_route=\/wp\/v2\/pages"}],"about":[{"href":"https:\/\/harryboyle.cz\/index.php?rest_route=\/wp\/v2\/types\/page"}],"author":[{"embeddable":true,"href":"https:\/\/harryboyle.cz\/index.php?rest_route=\/wp\/v2\/users\/1"}],"replies":[{"embeddable":true,"href":"https:\/\/harryboyle.cz\/index.php?rest_route=%2Fwp%2Fv2%2Fcomments&post=307"}],"version-history":[{"count":28,"href":"https:\/\/harryboyle.cz\/index.php?rest_route=\/wp\/v2\/pages\/307\/revisions"}],"predecessor-version":[{"id":506,"href":"https:\/\/harryboyle.cz\/index.php?rest_route=\/wp\/v2\/pages\/307\/revisions\/506"}],"wp:attachment":[{"href":"https:\/\/harryboyle.cz\/index.php?rest_route=%2Fwp%2Fv2%2Fmedia&parent=307"}],"curies":[{"name":"wp","href":"https:\/\/api.w.org\/{rel}","templated":true}]}}